{"id":53,"date":"2021-08-08T10:27:57","date_gmt":"2021-08-08T10:27:57","guid":{"rendered":"https:\/\/www.mazurskiesiolo.pl\/?page_id=53"},"modified":"2025-02-20T22:59:47","modified_gmt":"2025-02-20T22:59:47","slug":"kontakt-2","status":"publish","type":"page","link":"https:\/\/www.mazurskiesiolo.pl\/index.php\/kontakt-2\/","title":{"rendered":"Kontakt i dojazd"},"content":{"rendered":"<p>Masz pytania? Chcesz zarezerwowa\u0107 pobyt? Skontaktuj si\u0119 z nami \u2013 ch\u0119tnie pomo\u017cemy!<\/p>\n<p><strong>&nbsp;&nbsp;&nbsp;&nbsp;&nbsp;&nbsp;&nbsp;&nbsp;&nbsp;&nbsp;&nbsp;&nbsp; Mazurskie Sio\u0142o<\/strong><br><strong>Adres:<\/strong> <a href=\"https:\/\/maps.google.com\/maps\/dir\/\/Mazurskie+Sio%C5%82o+Prawdowo+26A+11-730+Prawdowo+Polska\/@53.7994427,21.5538041,16z\/data=!4m5!4m4!1m0!1m2!1m1!1s0x46e1f7b5b3acb005:0x187afdb7a66b34c8\" target=\"_blank\" rel=\"noopener\">Prawdowo 26A, 11-730 Miko\u0142ajki<\/a><br><strong>Telefon:<\/strong> +48 789 482 372<br><strong>E-mail:<\/strong> <a href=\"mailto:mazurskiesiolo@gmail.com\">mazurskiesiolo@gmail.com<\/a><\/p>\n<p><strong>Godziny kontaktu:<\/strong><br>Poniedzia\u0142ek \u2013 Niedziela: 9:00 \u2013 22:00<\/p>\n<h3><strong>Jak do nas trafi\u0107?<\/strong><\/h3>\n<p>\u27a1 <strong>Samochodem:<\/strong> Kliknij <a href=\"https:\/\/maps.google.com\/maps\/dir\/\/Mazurskie+Sio%C5%82o+Prawdowo+26A+11-730+Prawdowo+Polska\/@53.7994427,21.5538041,16z\/data=!4m5!4m4!1m0!1m2!1m1!1s0x46e1f7b5b3acb005:0x187afdb7a66b34c8\">tutaj<\/a>, aby otworzy\u0107 Google Maps i rozpocz\u0105\u0107 nawigacj\u0119.<\/p>\n<p>\u27a1 <strong>Komunikacj\u0105 publiczn\u0105:<\/strong> Najbli\u017cszy przystanek autobusowy znajduje si\u0119 w Miko\u0142ajkach.<\/p>\n<h3><strong>Formularz kontaktowy<\/strong><\/h3>\n<p>Masz pytania lub chcesz dokona\u0107 rezerwacji? zadzwo\u0144 lub napisz e-mail, a skontaktujemy si\u0119 z Tob\u0105 najszybciej, jak to mo\u017cliwe! <a href=\"mailto:mazurskiesiolo@gmail.com\">mazurskiesiolo@gmail.com<\/a><\/p>\n<p><strong>Serdecznie zapraszamy do Mazurskiego Sio\u0142a!&nbsp; &nbsp;&nbsp; &nbsp;&nbsp; <\/strong><a href=\"https:\/\/maps.google.com\/maps\/dir\/\/Mazurskie+Sio%C5%82o+Prawdowo+26A+11-730+Prawdowo+Polska\/@53.7994427,21.5538041,16z\/data=!4m5!4m4!1m0!1m2!1m1!1s0x46e1f7b5b3acb005:0x187afdb7a66b34c8\">Wskaz\u00f3wki dojazdu&nbsp;<\/a><\/p>\n<p>Facebook: <a href=\"https:\/\/www.facebook.com\/Mazurskie-Sio%C5%82o-101222035781627\">Mazurskie Sio\u0142o<\/a><\/p>\n\n\n<hr class=\"wp-block-separator has-css-opacity\"\/>\n\n\n<p style=\"text-align: center;\"><iframe loading=\"lazy\" style=\"border: 0;\" src=\"https:\/\/www.google.com\/maps\/embed?pb=!1m18!1m12!1m3!1d2356.44063017305!2d21.551610050907833!3d53.7994426799786!2m3!1f0!2f0!3f0!3m2!1i1024!2i768!4f13.1!3m3!1m2!1s0x46e1f7b5b3acb005%3A0x187afdb7a66b34c8!2sMazurskie%20Sio%C5%82o!5e0!3m2!1spl!2snl!4v1628802108161!5m2!1spl!2snl\" width=\"600\" height=\"450\" allowfullscreen=\"allowfullscreen\"><\/iframe><\/p>\n\n\n<div class=\"wp-block-contact-form-7-contact-form-selector\">\n<div class=\"wpcf7 no-js\" id=\"wpcf7-f437-o1\" lang=\"pl-PL\" dir=\"ltr\" data-wpcf7-id=\"437\">\n<div class=\"screen-reader-response\"><p role=\"status\" aria-live=\"polite\" aria-atomic=\"true\"><\/p> <ul><\/ul><\/div>\n<form action=\"\/index.php\/wp-json\/wp\/v2\/pages\/53#wpcf7-f437-o1\" method=\"post\" class=\"wpcf7-form init\" aria-label=\"Formularz kontaktowy\" novalidate=\"novalidate\" data-status=\"init\">\n<fieldset class=\"hidden-fields-container\"><input type=\"hidden\" name=\"_wpcf7\" value=\"437\" \/><input type=\"hidden\" name=\"_wpcf7_version\" value=\"6.1.5\" \/><input type=\"hidden\" name=\"_wpcf7_locale\" value=\"pl_PL\" \/><input type=\"hidden\" name=\"_wpcf7_unit_tag\" value=\"wpcf7-f437-o1\" \/><input type=\"hidden\" name=\"_wpcf7_container_post\" value=\"0\" \/><input type=\"hidden\" name=\"_wpcf7_posted_data_hash\" value=\"\" \/>\n<\/fieldset>\n<p><label> Twoje imi\u0119 i nazwisko<br \/>\n<span class=\"wpcf7-form-control-wrap\" data-name=\"your-name\"><input size=\"40\" maxlength=\"400\" class=\"wpcf7-form-control wpcf7-text wpcf7-validates-as-required\" autocomplete=\"name\" aria-required=\"true\" aria-invalid=\"false\" value=\"\" type=\"text\" name=\"your-name\" \/><\/span> <\/label>\n<\/p>\n<p><label> Tw\u00f3j adres e-mail<br \/>\n<span class=\"wpcf7-form-control-wrap\" data-name=\"your-email\"><input size=\"40\" maxlength=\"400\" class=\"wpcf7-form-control wpcf7-email wpcf7-validates-as-required wpcf7-text wpcf7-validates-as-email\" autocomplete=\"email\" aria-required=\"true\" aria-invalid=\"false\" value=\"\" type=\"email\" name=\"your-email\" \/><\/span> <\/label>\n<\/p>\n<p><label> Twoja wiadomo\u015b\u0107<br \/>\n<span class=\"wpcf7-form-control-wrap\" data-name=\"your-message\"><textarea cols=\"40\" rows=\"10\" maxlength=\"2000\" class=\"wpcf7-form-control wpcf7-textarea\" aria-invalid=\"false\" name=\"your-message\"><\/textarea><\/span> <\/label>\n<\/p>\n<p><input class=\"wpcf7-form-control wpcf7-submit has-spinner\" type=\"submit\" value=\"Wy\u015blij\" \/>\n<\/p><div class=\"wpcf7-response-output\" aria-hidden=\"true\"><\/div>\n<\/form>\n<\/div>\n<\/div>\n","protected":false},"excerpt":{"rendered":"<p>Masz pytania? Chcesz zarezerwowa\u0107 pobyt? Skontaktuj si\u0119 z nami \u2013 ch\u0119tnie pomo\u017cemy! &nbsp;&nbsp;&nbsp;&nbsp;&nbsp;&nbsp;&nbsp;&nbsp;&nbsp;&nbsp;&nbsp;&nbsp; Mazurskie Sio\u0142oAdres: Prawdowo 26A, 11-730 Miko\u0142ajkiTelefon: +48 789 482 372E-mail: mazurskiesiolo@gmail.com Godziny kontaktu:Poniedzia\u0142ek \u2013 Niedziela: 9:00 \u2013 22:00 Jak do nas trafi\u0107? \u27a1 Samochodem: Kliknij tutaj, aby <a href=\"https:\/\/www.mazurskiesiolo.pl\/index.php\/kontakt-2\/\" class=\"read-more\">Read more<\/a><\/p>\n","protected":false},"author":1,"featured_media":0,"parent":0,"menu_order":0,"comment_status":"closed","ping_status":"closed","template":"","meta":{"ngg_post_thumbnail":0,"_bos_mb_destination":[""],"footnotes":""},"class_list":["post-53","page","type-page","status-publish","hentry"],"_links":{"self":[{"href":"https:\/\/www.mazurskiesiolo.pl\/index.php\/wp-json\/wp\/v2\/pages\/53","targetHints":{"allow":["GET"]}}],"collection":[{"href":"https:\/\/www.mazurskiesiolo.pl\/index.php\/wp-json\/wp\/v2\/pages"}],"about":[{"href":"https:\/\/www.mazurskiesiolo.pl\/index.php\/wp-json\/wp\/v2\/types\/page"}],"author":[{"embeddable":true,"href":"https:\/\/www.mazurskiesiolo.pl\/index.php\/wp-json\/wp\/v2\/users\/1"}],"replies":[{"embeddable":true,"href":"https:\/\/www.mazurskiesiolo.pl\/index.php\/wp-json\/wp\/v2\/comments?post=53"}],"version-history":[{"count":53,"href":"https:\/\/www.mazurskiesiolo.pl\/index.php\/wp-json\/wp\/v2\/pages\/53\/revisions"}],"predecessor-version":[{"id":447,"href":"https:\/\/www.mazurskiesiolo.pl\/index.php\/wp-json\/wp\/v2\/pages\/53\/revisions\/447"}],"wp:attachment":[{"href":"https:\/\/www.mazurskiesiolo.pl\/index.php\/wp-json\/wp\/v2\/media?parent=53"}],"curies":[{"name":"wp","href":"https:\/\/api.w.org\/{rel}","templated":true}]}}