{"id":14,"date":"2021-08-07T20:53:04","date_gmt":"2021-08-07T20:53:04","guid":{"rendered":"https:\/\/www.mazurskiesiolo.pl\/?page_id=14"},"modified":"2025-02-20T22:54:19","modified_gmt":"2025-02-20T22:54:19","slug":"pokoje","status":"publish","type":"page","link":"https:\/\/www.mazurskiesiolo.pl\/index.php\/pokoje\/","title":{"rendered":"Pokoje"},"content":{"rendered":"\n<p><strong>\u201eDomek pod Orzechem\u201d \u2013 komfortowy apartament dla maksymalnie 4 os\u00f3b<\/strong><br>Przytulny i w pe\u0142ni wyposa\u017cony apartament, idealny na rodzinny wypoczynek lub romantyczny wyjazd. W jego sk\u0142ad wchodz\u0105:<\/p>\n\n\n\n<ul class=\"wp-block-list\">\n<li>Salon z aneksem kuchennym<\/li>\n\n\n\n<li>Sypialnia z podw\u00f3jnym \u0142\u00f3\u017ckiem (140\u00d7200 cm)<\/li>\n\n\n\n<li>Antresola nad salonem z dodatkowymi dwoma miejscami do spania (materace 80\u00d7200 cm)<\/li>\n\n\n\n<li>\u0141azienka<\/li>\n\n\n\n<li>Du\u017cy taras (3,5 m x 6,6 m) z meblami ogrodowymi<\/li>\n<\/ul>\n\n\n\n<p><strong>Wyposa\u017cenie:<\/strong> zmywarka, kuchenka indukcyjna, lod\u00f3wka z zamra\u017cark\u0105, ekspres do kawy, czajnik, telewizor, grill.<\/p>\n\n\n\n<p>Dodatkowe udogodnienia:<\/p>\n\n\n\n<ul class=\"wp-block-list\">\n<li>Mo\u017cliwo\u015b\u0107 przechowania rower\u00f3w<\/li>\n\n\n\n<li>Bezp\u0142atne miejsca parkingowe na terenie obiektu<\/li>\n<\/ul>\n\n\n\n<hr class=\"wp-block-separator has-alpha-channel-opacity\"\/>\n\n\n\n<p><strong>\u201eMazurskie Sio\u0142o \u2013 apartament\u201d dla maksymalnie 6 os\u00f3b<\/strong><br>Przestronny apartament sk\u0142adaj\u0105cy si\u0119 z trzech pokoi dwuosobowych:<\/p>\n\n\n\n<ul class=\"wp-block-list\">\n<li>Dwa du\u017ce pokoje z podw\u00f3jnymi \u0142\u00f3\u017ckami (140\u00d7200 cm) i telewizorami<\/li>\n\n\n\n<li>Jeden mniejszy pok\u00f3j (bez telewizora) z podw\u00f3jnym \u0142\u00f3\u017ckiem (140\u00d7200 cm)<\/li>\n\n\n\n<li>Wsp\u00f3lna kuchnia w pe\u0142ni wyposa\u017cona<\/li>\n\n\n\n<li>Du\u017ca \u0142azienka<\/li>\n<\/ul>\n\n\n\n<p><strong>Wyposa\u017cenie:<\/strong> lod\u00f3wka z zamra\u017cark\u0105, kuchenka mikrofalowa, kuchenka indukcyjna, ekspres do kawy, czajnik.<\/p>\n\n\n\n<p>Dodatkowe udogodnienia:<\/p>\n\n\n\n<ul class=\"wp-block-list\">\n<li>Ogr\u00f3d z meblami ogrodowymi, miejsce na ognisko i grill<\/li>\n\n\n\n<li>Oddzielne wej\u015bcie tylko dla go\u015bci<\/li>\n\n\n\n<li>Mo\u017cliwo\u015b\u0107 przechowania rower\u00f3w<\/li>\n\n\n\n<li>Bezp\u0142atne miejsca parkingowe na terenie obiektu<\/li>\n<\/ul>\n\n\n\n<hr class=\"wp-block-separator has-alpha-channel-opacity\"\/>\n\n\n\n<p><strong>Obs\u0142ugiwane j\u0119zyki:<\/strong> polski, angielski, rosyjski <\/p>\n\n\n\n<hr class=\"wp-block-separator has-alpha-channel-opacity\"\/>\n\n\n\n<p><\/p>\n","protected":false},"excerpt":{"rendered":"<p>\u201eDomek pod Orzechem\u201d \u2013 komfortowy apartament dla maksymalnie 4 os\u00f3bPrzytulny i w pe\u0142ni wyposa\u017cony apartament, idealny na rodzinny wypoczynek lub romantyczny wyjazd. W jego sk\u0142ad wchodz\u0105: Wyposa\u017cenie: zmywarka, kuchenka indukcyjna, lod\u00f3wka z zamra\u017cark\u0105, ekspres do kawy, czajnik, telewizor, grill. Dodatkowe <a href=\"https:\/\/www.mazurskiesiolo.pl\/index.php\/pokoje\/\" class=\"read-more\">Read more<\/a><\/p>\n","protected":false},"author":1,"featured_media":0,"parent":0,"menu_order":0,"comment_status":"closed","ping_status":"closed","template":"","meta":{"ngg_post_thumbnail":0,"_bos_mb_destination":[""],"footnotes":""},"class_list":["post-14","page","type-page","status-publish","hentry"],"_links":{"self":[{"href":"https:\/\/www.mazurskiesiolo.pl\/index.php\/wp-json\/wp\/v2\/pages\/14","targetHints":{"allow":["GET"]}}],"collection":[{"href":"https:\/\/www.mazurskiesiolo.pl\/index.php\/wp-json\/wp\/v2\/pages"}],"about":[{"href":"https:\/\/www.mazurskiesiolo.pl\/index.php\/wp-json\/wp\/v2\/types\/page"}],"author":[{"embeddable":true,"href":"https:\/\/www.mazurskiesiolo.pl\/index.php\/wp-json\/wp\/v2\/users\/1"}],"replies":[{"embeddable":true,"href":"https:\/\/www.mazurskiesiolo.pl\/index.php\/wp-json\/wp\/v2\/comments?post=14"}],"version-history":[{"count":16,"href":"https:\/\/www.mazurskiesiolo.pl\/index.php\/wp-json\/wp\/v2\/pages\/14\/revisions"}],"predecessor-version":[{"id":442,"href":"https:\/\/www.mazurskiesiolo.pl\/index.php\/wp-json\/wp\/v2\/pages\/14\/revisions\/442"}],"wp:attachment":[{"href":"https:\/\/www.mazurskiesiolo.pl\/index.php\/wp-json\/wp\/v2\/media?parent=14"}],"curies":[{"name":"wp","href":"https:\/\/api.w.org\/{rel}","templated":true}]}}